{"id":7,"date":"2021-01-07T10:21:22","date_gmt":"2021-01-07T09:21:22","guid":{"rendered":"https:\/\/faschingsclub-orlishausen.de\/neu\/?page_id=7"},"modified":"2025-11-12T07:40:49","modified_gmt":"2025-11-12T06:40:49","slug":"home","status":"publish","type":"page","link":"https:\/\/faschingsclub-orlishausen.de\/","title":{"rendered":"home"},"content":{"rendered":"\t\t<div data-elementor-type=\"wp-page\" data-elementor-id=\"7\" class=\"elementor elementor-7\">\n\t\t\t\t\t\t<section class=\"elementor-section elementor-top-section elementor-element elementor-element-a5e1acf elementor-section-height-min-height elementor-section-content-middle elementor-section-boxed elementor-section-height-default elementor-section-items-middle\" data-id=\"a5e1acf\" data-element_type=\"section\" data-e-type=\"section\" data-settings=\"{&quot;background_background&quot;:&quot;slideshow&quot;,&quot;background_slideshow_gallery&quot;:[{&quot;id&quot;:647,&quot;url&quot;:&quot;https:\\\/\\\/faschingsclub-orlishausen.de\\\/wp-content\\\/uploads\\\/2021\\\/01\\\/001-scaled.jpg&quot;},{&quot;id&quot;:648,&quot;url&quot;:&quot;https:\\\/\\\/faschingsclub-orlishausen.de\\\/wp-content\\\/uploads\\\/2021\\\/01\\\/002-scaled.jpg&quot;},{&quot;id&quot;:649,&quot;url&quot;:&quot;https:\\\/\\\/faschingsclub-orlishausen.de\\\/wp-content\\\/uploads\\\/2021\\\/01\\\/003-scaled.jpg&quot;},{&quot;id&quot;:650,&quot;url&quot;:&quot;https:\\\/\\\/faschingsclub-orlishausen.de\\\/wp-content\\\/uploads\\\/2021\\\/01\\\/004-scaled.jpg&quot;},{&quot;id&quot;:2090,&quot;url&quot;:&quot;https:\\\/\\\/faschingsclub-orlishausen.de\\\/wp-content\\\/uploads\\\/2023\\\/10\\\/Bildlaufleiste05-scaled.jpg&quot;},{&quot;id&quot;:651,&quot;url&quot;:&quot;https:\\\/\\\/faschingsclub-orlishausen.de\\\/wp-content\\\/uploads\\\/2021\\\/01\\\/005.jpg&quot;},{&quot;id&quot;:653,&quot;url&quot;:&quot;https:\\\/\\\/faschingsclub-orlishausen.de\\\/wp-content\\\/uploads\\\/2021\\\/01\\\/007-scaled.jpg&quot;},{&quot;id&quot;:2089,&quot;url&quot;:&quot;https:\\\/\\\/faschingsclub-orlishausen.de\\\/wp-content\\\/uploads\\\/2023\\\/10\\\/Bildlaufleiste06-scaled.jpg&quot;},{&quot;id&quot;:2091,&quot;url&quot;:&quot;https:\\\/\\\/faschingsclub-orlishausen.de\\\/wp-content\\\/uploads\\\/2023\\\/10\\\/Bildlaufleiste04-scaled.jpg&quot;},{&quot;id&quot;:2092,&quot;url&quot;:&quot;https:\\\/\\\/faschingsclub-orlishausen.de\\\/wp-content\\\/uploads\\\/2023\\\/10\\\/Bildlaufleiste03.jpg&quot;},{&quot;id&quot;:2093,&quot;url&quot;:&quot;https:\\\/\\\/faschingsclub-orlishausen.de\\\/wp-content\\\/uploads\\\/2023\\\/10\\\/Bildlaufleiste02.jpg&quot;},{&quot;id&quot;:2094,&quot;url&quot;:&quot;https:\\\/\\\/faschingsclub-orlishausen.de\\\/wp-content\\\/uploads\\\/2023\\\/10\\\/Bildlaufleiste01.jpg&quot;}],&quot;shape_divider_bottom&quot;:&quot;wave-brush&quot;,&quot;background_slideshow_loop&quot;:&quot;yes&quot;,&quot;background_slideshow_slide_duration&quot;:5000,&quot;background_slideshow_slide_transition&quot;:&quot;fade&quot;,&quot;background_slideshow_transition_duration&quot;:500}\">\n\t\t\t\t\t\t\t<div class=\"elementor-background-overlay\"><\/div>\n\t\t\t\t\t\t<div class=\"elementor-shape elementor-shape-bottom\" aria-hidden=\"true\" data-negative=\"false\">\n\t\t\t<svg xmlns=\"http:\/\/www.w3.org\/2000\/svg\" viewBox=\"0 0 283.5 27.8\" preserveAspectRatio=\"none\">\n\t<path class=\"elementor-shape-fill\" d=\"M283.5,9.7c0,0-7.3,4.3-14,4.6c-6.8,0.3-12.6,0-20.9-1.5c-11.3-2-33.1-10.1-44.7-5.7\ts-12.1,4.6-18,7.4c-6.6,3.2-20,9.6-36.6,9.3C131.6,23.5,99.5,7.2,86.3,8c-1.4,0.1-6.6,0.8-10.5,2c-3.8,1.2-9.4,3.8-17,4.7\tc-3.2,0.4-8.3,1.1-14.2,0.9c-1.5-0.1-6.3-0.4-12-1.6c-5.7-1.2-11-3.1-15.8-3.7C6.5,9.2,0,10.8,0,10.8V0h283.5V9.7z M260.8,11.3\tc-0.7-1-2-0.4-4.3-0.4c-2.3,0-6.1-1.2-5.8-1.1c0.3,0.1,3.1,1.5,6,1.9C259.7,12.2,261.4,12.3,260.8,11.3z M242.4,8.6\tc0,0-2.4-0.2-5.6-0.9c-3.2-0.8-10.3-2.8-15.1-3.5c-8.2-1.1-15.8,0-15.1,0.1c0.8,0.1,9.6-0.6,17.6,1.1c3.3,0.7,9.3,2.2,12.4,2.7\tC239.9,8.7,242.4,8.6,242.4,8.6z M185.2,8.5c1.7-0.7-13.3,4.7-18.5,6.1c-2.1,0.6-6.2,1.6-10,2c-3.9,0.4-8.9,0.4-8.8,0.5\tc0,0.2,5.8,0.8,11.2,0c5.4-0.8,5.2-1.1,7.6-1.6C170.5,14.7,183.5,9.2,185.2,8.5z M199.1,6.9c0.2,0-0.8-0.4-4.8,1.1\tc-4,1.5-6.7,3.5-6.9,3.7c-0.2,0.1,3.5-1.8,6.6-3C197,7.5,199,6.9,199.1,6.9z M283,6c-0.1,0.1-1.9,1.1-4.8,2.5s-6.9,2.8-6.7,2.7\tc0.2,0,3.5-0.6,7.4-2.5C282.8,6.8,283.1,5.9,283,6z M31.3,11.6c0.1-0.2-1.9-0.2-4.5-1.2s-5.4-1.6-7.8-2C15,7.6,7.3,8.5,7.7,8.6\tC8,8.7,15.9,8.3,20.2,9.3c2.2,0.5,2.4,0.5,5.7,1.6S31.2,11.9,31.3,11.6z M73,9.2c0.4-0.1,3.5-1.6,8.4-2.6c4.9-1.1,8.9-0.5,8.9-0.8\tc0-0.3-1-0.9-6.2-0.3S72.6,9.3,73,9.2z M71.6,6.7C71.8,6.8,75,5.4,77.3,5c2.3-0.3,1.9-0.5,1.9-0.6c0-0.1-1.1-0.2-2.7,0.2\tC74.8,5.1,71.4,6.6,71.6,6.7z M93.6,4.4c0.1,0.2,3.5,0.8,5.6,1.8c2.1,1,1.8,0.6,1.9,0.5c0.1-0.1-0.8-0.8-2.4-1.3\tC97.1,4.8,93.5,4.2,93.6,4.4z M65.4,11.1c-0.1,0.3,0.3,0.5,1.9-0.2s2.6-1.3,2.2-1.2s-0.9,0.4-2.5,0.8C65.3,10.9,65.5,10.8,65.4,11.1\tz M34.5,12.4c-0.2,0,2.1,0.8,3.3,0.9c1.2,0.1,2,0.1,2-0.2c0-0.3-0.1-0.5-1.6-0.4C36.6,12.8,34.7,12.4,34.5,12.4z M152.2,21.1\tc-0.1,0.1-2.4-0.3-7.5-0.3c-5,0-13.6-2.4-17.2-3.5c-3.6-1.1,10,3.9,16.5,4.1C150.5,21.6,152.3,21,152.2,21.1z\"\/>\n\t<path class=\"elementor-shape-fill\" d=\"M269.6,18c-0.1-0.1-4.6,0.3-7.2,0c-7.3-0.7-17-3.2-16.6-2.9c0.4,0.3,13.7,3.1,17,3.3\tC267.7,18.8,269.7,18,269.6,18z\"\/>\n\t<path class=\"elementor-shape-fill\" d=\"M227.4,9.8c-0.2-0.1-4.5-1-9.5-1.2c-5-0.2-12.7,0.6-12.3,0.5c0.3-0.1,5.9-1.8,13.3-1.2\tS227.6,9.9,227.4,9.8z\"\/>\n\t<path class=\"elementor-shape-fill\" d=\"M204.5,13.4c-0.1-0.1,2-1,3.2-1.1c1.2-0.1,2,0,2,0.3c0,0.3-0.1,0.5-1.6,0.4\tC206.4,12.9,204.6,13.5,204.5,13.4z\"\/>\n\t<path class=\"elementor-shape-fill\" d=\"M201,10.6c0-0.1-4.4,1.2-6.3,2.2c-1.9,0.9-6.2,3.1-6.1,3.1c0.1,0.1,4.2-1.6,6.3-2.6\tS201,10.7,201,10.6z\"\/>\n\t<path class=\"elementor-shape-fill\" d=\"M154.5,26.7c-0.1-0.1-4.6,0.3-7.2,0c-7.3-0.7-17-3.2-16.6-2.9c0.4,0.3,13.7,3.1,17,3.3\tC152.6,27.5,154.6,26.8,154.5,26.7z\"\/>\n\t<path class=\"elementor-shape-fill\" d=\"M41.9,19.3c0,0,1.2-0.3,2.9-0.1c1.7,0.2,5.8,0.9,8.2,0.7c4.2-0.4,7.4-2.7,7-2.6\tc-0.4,0-4.3,2.2-8.6,1.9c-1.8-0.1-5.1-0.5-6.7-0.4S41.9,19.3,41.9,19.3z\"\/>\n\t<path class=\"elementor-shape-fill\" d=\"M75.5,12.6c0.2,0.1,2-0.8,4.3-1.1c2.3-0.2,2.1-0.3,2.1-0.5c0-0.1-1.8-0.4-3.4,0\tC76.9,11.5,75.3,12.5,75.5,12.6z\"\/>\n\t<path class=\"elementor-shape-fill\" d=\"M15.6,13.2c0-0.1,4.3,0,6.7,0.5c2.4,0.5,5,1.9,5,2c0,0.1-2.7-0.8-5.1-1.4\tC19.9,13.7,15.7,13.3,15.6,13.2z\"\/>\n<\/svg>\t\t<\/div>\n\t\t\t\t\t<div class=\"elementor-container elementor-column-gap-default\">\n\t\t\t\t\t<div class=\"elementor-column elementor-col-100 elementor-top-column elementor-element elementor-element-16b3672\" data-id=\"16b3672\" data-element_type=\"column\" data-e-type=\"column\">\n\t\t\t<div class=\"elementor-widget-wrap\">\n\t\t\t\t\t\t\t<\/div>\n\t\t<\/div>\n\t\t\t\t\t<\/div>\n\t\t<\/section>\n\t\t\t\t<section class=\"elementor-section elementor-top-section elementor-element elementor-element-119f269 elementor-section-boxed elementor-section-height-default elementor-section-height-default\" data-id=\"119f269\" data-element_type=\"section\" data-e-type=\"section\">\n\t\t\t\t\t\t<div class=\"elementor-container elementor-column-gap-default\">\n\t\t\t\t\t<div class=\"elementor-column elementor-col-33 elementor-top-column elementor-element elementor-element-7915294\" data-id=\"7915294\" data-element_type=\"column\" data-e-type=\"column\">\n\t\t\t<div class=\"elementor-widget-wrap\">\n\t\t\t\t\t\t\t<\/div>\n\t\t<\/div>\n\t\t\t\t<div class=\"elementor-column elementor-col-33 elementor-top-column elementor-element elementor-element-2c8fca8\" data-id=\"2c8fca8\" data-element_type=\"column\" data-e-type=\"column\">\n\t\t\t<div class=\"elementor-widget-wrap elementor-element-populated\">\n\t\t\t\t\t\t<div class=\"elementor-element elementor-element-fba9a48 elementor-widget elementor-widget-image\" data-id=\"fba9a48\" data-element_type=\"widget\" data-e-type=\"widget\" data-widget_type=\"image.default\">\n\t\t\t\t<div class=\"elementor-widget-container\">\n\t\t\t\t\t\t\t\t\t\t\t\t\t\t\t<img fetchpriority=\"high\" decoding=\"async\" width=\"1181\" height=\"1395\" src=\"https:\/\/faschingsclub-orlishausen.de\/wp-content\/uploads\/2021\/01\/FCO_Wappen.jpg\" class=\"attachment-full size-full wp-image-166\" alt=\"Logo\" srcset=\"https:\/\/faschingsclub-orlishausen.de\/wp-content\/uploads\/2021\/01\/FCO_Wappen.jpg 1181w, https:\/\/faschingsclub-orlishausen.de\/wp-content\/uploads\/2021\/01\/FCO_Wappen-254x300.jpg 254w, https:\/\/faschingsclub-orlishausen.de\/wp-content\/uploads\/2021\/01\/FCO_Wappen-867x1024.jpg 867w, https:\/\/faschingsclub-orlishausen.de\/wp-content\/uploads\/2021\/01\/FCO_Wappen-768x907.jpg 768w\" sizes=\"(max-width: 1181px) 100vw, 1181px\" \/>\t\t\t\t\t\t\t\t\t\t\t\t\t\t\t<\/div>\n\t\t\t\t<\/div>\n\t\t\t\t<div class=\"elementor-element elementor-element-b6dd25f elementor-widget elementor-widget-text-editor\" data-id=\"b6dd25f\" data-element_type=\"widget\" data-e-type=\"widget\" data-widget_type=\"text-editor.default\">\n\t\t\t\t<div class=\"elementor-widget-container\">\n\t\t\t\t\t\t\t\t\t<h2 data-start=\"247\" data-end=\"298\">Willkommen\u00a0beim Faschingsclub Orlishausen e.V.<\/h2><p data-start=\"299\" data-end=\"317\">Orlscht Helau!<\/p><p>Seit vielen Jahrzehnten steht der Faschingsclub Orlishausen f\u00fcr gute Laune, Gemeinschaft und echte Orlschter Faschingstradition.<br data-start=\"447\" data-end=\"450\" \/>Mit Herzblut, Witz und jeder Menge Spa\u00df bereiten wir uns jedes Jahr auf die n\u00e4rrische Zeit vor \u2013 mit B\u00fcttenabenden, Kinderfasching, Umz\u00fcgen und unvergesslichen Momenten f\u00fcr Jung und Alt.<\/p><p>Auch in unserer 67. Saison hei\u00dft es wieder: Lachen, Tanzen und Feiern, bis die Konfetti fliegen!<br data-start=\"738\" data-end=\"741\" \/>Unsere Aktiven stecken schon mitten in den Proben, damit die B\u00fchne bald wieder bebt und das Publikum begeistert.<\/p><p>Schaut regelm\u00e4\u00dfig vorbei \u2013 hier findet ihr alle aktuellen <span style=\"text-decoration: underline;\"><strong><a href=\"https:\/\/faschingsclub-orlishausen.de\/index.php\/aktuell\/\">Termine<\/a><\/strong><\/span>, Neuigkeiten und Infos zum <strong><span style=\"text-decoration: underline;\"><a href=\"https:\/\/faschingsclub-orlishausen.de\/index.php\/kartenverkauf\/\">Kartenverkauf<\/a><\/span><\/strong>.<br data-start=\"966\" data-end=\"969\" \/>Gemeinsam machen wir die f\u00fcnfte Jahreszeit zu etwas ganz Besonderem.<\/p><p data-start=\"1041\" data-end=\"1085\"><strong data-start=\"1041\" data-end=\"1085\">Orlscht Helau \u2013 wir freuen uns auf euch!<\/strong><\/p>\t\t\t\t\t\t\t\t<\/div>\n\t\t\t\t<\/div>\n\t\t\t\t<div class=\"elementor-element elementor-element-e2aa39c elementor-shape-rounded elementor-grid-0 e-grid-align-center elementor-widget elementor-widget-social-icons\" data-id=\"e2aa39c\" data-element_type=\"widget\" data-e-type=\"widget\" data-widget_type=\"social-icons.default\">\n\t\t\t\t<div class=\"elementor-widget-container\">\n\t\t\t\t\t\t\t<div class=\"elementor-social-icons-wrapper elementor-grid\" role=\"list\">\n\t\t\t\t\t\t\t<span class=\"elementor-grid-item\" role=\"listitem\">\n\t\t\t\t\t<a class=\"elementor-icon elementor-social-icon elementor-social-icon-facebook elementor-repeater-item-f74975d\" href=\"https:\/\/www.facebook.com\/FaschingsclubOrlishausen\" target=\"_blank\">\n\t\t\t\t\t\t<span class=\"elementor-screen-only\">Facebook<\/span>\n\t\t\t\t\t\t<i aria-hidden=\"true\" class=\"fab fa-facebook\"><\/i>\t\t\t\t\t<\/a>\n\t\t\t\t<\/span>\n\t\t\t\t\t\t\t<span class=\"elementor-grid-item\" role=\"listitem\">\n\t\t\t\t\t<a class=\"elementor-icon elementor-social-icon elementor-social-icon-instagram elementor-repeater-item-0a562b9\" href=\"https:\/\/www.instagram.com\/faschingsclub_orlishausen\/\" target=\"_blank\">\n\t\t\t\t\t\t<span class=\"elementor-screen-only\">Instagram<\/span>\n\t\t\t\t\t\t<i aria-hidden=\"true\" class=\"fab fa-instagram\"><\/i>\t\t\t\t\t<\/a>\n\t\t\t\t<\/span>\n\t\t\t\t\t\t\t<span class=\"elementor-grid-item\" role=\"listitem\">\n\t\t\t\t\t<a class=\"elementor-icon elementor-social-icon elementor-social-icon-youtube elementor-repeater-item-c3f6b7e\" href=\"https:\/\/www.youtube.com\/channel\/UCrl8aEhaXCfageQkI9nVgSA\" target=\"_blank\">\n\t\t\t\t\t\t<span class=\"elementor-screen-only\">Youtube<\/span>\n\t\t\t\t\t\t<i aria-hidden=\"true\" class=\"fab fa-youtube\"><\/i>\t\t\t\t\t<\/a>\n\t\t\t\t<\/span>\n\t\t\t\t\t<\/div>\n\t\t\t\t\t\t<\/div>\n\t\t\t\t<\/div>\n\t\t\t\t<div class=\"elementor-element elementor-element-0497c56 elementor-widget elementor-widget-image\" data-id=\"0497c56\" data-element_type=\"widget\" data-e-type=\"widget\" data-widget_type=\"image.default\">\n\t\t\t\t<div class=\"elementor-widget-container\">\n\t\t\t\t\t\t\t\t\t\t\t\t\t\t\t\t<a href=\"https:\/\/faschingsclub-orlishausen.de\/wp-content\/uploads\/2025\/11\/IMG_0285-scaled.jpg\" data-elementor-open-lightbox=\"yes\" data-elementor-lightbox-title=\"FCO Fasching Orlishausen\" data-e-action-hash=\"#elementor-action%3Aaction%3Dlightbox%26settings%3DeyJpZCI6MjI2OSwidXJsIjoiaHR0cHM6XC9cL2Zhc2NoaW5nc2NsdWItb3JsaXNoYXVzZW4uZGVcL3dwLWNvbnRlbnRcL3VwbG9hZHNcLzIwMjVcLzExXC9JTUdfMDI4NS1zY2FsZWQuanBnIn0%3D\">\n\t\t\t\t\t\t\t<img decoding=\"async\" width=\"1024\" height=\"683\" src=\"https:\/\/faschingsclub-orlishausen.de\/wp-content\/uploads\/2025\/11\/IMG_0285-1024x683.jpg\" class=\"attachment-large size-large wp-image-2269\" alt=\"\" srcset=\"https:\/\/faschingsclub-orlishausen.de\/wp-content\/uploads\/2025\/11\/IMG_0285-1024x683.jpg 1024w, https:\/\/faschingsclub-orlishausen.de\/wp-content\/uploads\/2025\/11\/IMG_0285-300x200.jpg 300w, https:\/\/faschingsclub-orlishausen.de\/wp-content\/uploads\/2025\/11\/IMG_0285-768x512.jpg 768w, https:\/\/faschingsclub-orlishausen.de\/wp-content\/uploads\/2025\/11\/IMG_0285-1536x1024.jpg 1536w, https:\/\/faschingsclub-orlishausen.de\/wp-content\/uploads\/2025\/11\/IMG_0285-2048x1365.jpg 2048w\" sizes=\"(max-width: 1024px) 100vw, 1024px\" \/>\t\t\t\t\t\t\t\t<\/a>\n\t\t\t\t\t\t\t\t\t\t\t\t\t\t\t<\/div>\n\t\t\t\t<\/div>\n\t\t\t\t\t<\/div>\n\t\t<\/div>\n\t\t\t\t<div class=\"elementor-column elementor-col-33 elementor-top-column elementor-element elementor-element-3f47aed\" data-id=\"3f47aed\" data-element_type=\"column\" data-e-type=\"column\">\n\t\t\t<div class=\"elementor-widget-wrap\">\n\t\t\t\t\t\t\t<\/div>\n\t\t<\/div>\n\t\t\t\t\t<\/div>\n\t\t<\/section>\n\t\t\t\t<\/div>\n\t\t","protected":false},"excerpt":{"rendered":"<p>Willkommen\u00a0beim Faschingsclub Orlishausen e.V. Orlscht Helau! Seit vielen Jahrzehnten steht der Faschingsclub Orlishausen f\u00fcr gute Laune, Gemeinschaft und echte Orlschter Faschingstradition.Mit Herzblut, Witz und jeder Menge Spa\u00df bereiten wir uns jedes Jahr auf die n\u00e4rrische Zeit vor \u2013 mit B\u00fcttenabenden, Kinderfasching, Umz\u00fcgen und unvergesslichen Momenten f\u00fcr Jung und Alt. Auch in unserer 67. Saison hei\u00dft [&hellip;]<\/p>\n","protected":false},"author":2,"featured_media":0,"parent":0,"menu_order":0,"comment_status":"closed","ping_status":"closed","template":"","meta":{"ocean_post_layout":"full-screen","ocean_both_sidebars_style":"","ocean_both_sidebars_content_width":0,"ocean_both_sidebars_sidebars_width":0,"ocean_sidebar":"0","ocean_second_sidebar":"0","ocean_disable_margins":"enable","ocean_add_body_class":"","ocean_shortcode_before_top_bar":"","ocean_shortcode_after_top_bar":"","ocean_shortcode_before_header":"","ocean_shortcode_after_header":"","ocean_has_shortcode":"","ocean_shortcode_after_title":"","ocean_shortcode_before_footer_widgets":"","ocean_shortcode_after_footer_widgets":"","ocean_shortcode_before_footer_bottom":"","ocean_shortcode_after_footer_bottom":"","ocean_display_top_bar":"off","ocean_display_header":"on","ocean_header_style":"","ocean_center_header_left_menu":"0","ocean_custom_header_template":"0","ocean_custom_logo":0,"ocean_custom_retina_logo":0,"ocean_custom_logo_max_width":0,"ocean_custom_logo_tablet_max_width":0,"ocean_custom_logo_mobile_max_width":0,"ocean_custom_logo_max_height":0,"ocean_custom_logo_tablet_max_height":0,"ocean_custom_logo_mobile_max_height":0,"ocean_header_custom_menu":"0","ocean_menu_typo_font_family":"0","ocean_menu_typo_font_subset":"","ocean_menu_typo_font_size":0,"ocean_menu_typo_font_size_tablet":0,"ocean_menu_typo_font_size_mobile":0,"ocean_menu_typo_font_size_unit":"px","ocean_menu_typo_font_weight":"","ocean_menu_typo_font_weight_tablet":"","ocean_menu_typo_font_weight_mobile":"","ocean_menu_typo_transform":"","ocean_menu_typo_transform_tablet":"","ocean_menu_typo_transform_mobile":"","ocean_menu_typo_line_height":0,"ocean_menu_typo_line_height_tablet":0,"ocean_menu_typo_line_height_mobile":0,"ocean_menu_typo_line_height_unit":"","ocean_menu_typo_spacing":0,"ocean_menu_typo_spacing_tablet":0,"ocean_menu_typo_spacing_mobile":0,"ocean_menu_typo_spacing_unit":"","ocean_menu_link_color":"","ocean_menu_link_color_hover":"","ocean_menu_link_color_active":"","ocean_menu_link_background":"","ocean_menu_link_hover_background":"","ocean_menu_link_active_background":"","ocean_menu_social_links_bg":"","ocean_menu_social_hover_links_bg":"","ocean_menu_social_links_color":"","ocean_menu_social_hover_links_color":"","ocean_disable_title":"on","ocean_disable_heading":"default","ocean_post_title":"","ocean_post_subheading":"","ocean_post_title_style":"","ocean_post_title_background_color":"","ocean_post_title_background":0,"ocean_post_title_bg_image_position":"","ocean_post_title_bg_image_attachment":"","ocean_post_title_bg_image_repeat":"","ocean_post_title_bg_image_size":"","ocean_post_title_height":0,"ocean_post_title_bg_overlay":0.5,"ocean_post_title_bg_overlay_color":"","ocean_disable_breadcrumbs":"default","ocean_breadcrumbs_color":"","ocean_breadcrumbs_separator_color":"","ocean_breadcrumbs_links_color":"","ocean_breadcrumbs_links_hover_color":"","ocean_display_footer_widgets":"on","ocean_display_footer_bottom":"on","ocean_custom_footer_template":"0","footnotes":""},"class_list":["post-7","page","type-page","status-publish","hentry","entry"],"_links":{"self":[{"href":"https:\/\/faschingsclub-orlishausen.de\/index.php\/wp-json\/wp\/v2\/pages\/7","targetHints":{"allow":["GET"]}}],"collection":[{"href":"https:\/\/faschingsclub-orlishausen.de\/index.php\/wp-json\/wp\/v2\/pages"}],"about":[{"href":"https:\/\/faschingsclub-orlishausen.de\/index.php\/wp-json\/wp\/v2\/types\/page"}],"author":[{"embeddable":true,"href":"https:\/\/faschingsclub-orlishausen.de\/index.php\/wp-json\/wp\/v2\/users\/2"}],"replies":[{"embeddable":true,"href":"https:\/\/faschingsclub-orlishausen.de\/index.php\/wp-json\/wp\/v2\/comments?post=7"}],"version-history":[{"count":353,"href":"https:\/\/faschingsclub-orlishausen.de\/index.php\/wp-json\/wp\/v2\/pages\/7\/revisions"}],"predecessor-version":[{"id":2272,"href":"https:\/\/faschingsclub-orlishausen.de\/index.php\/wp-json\/wp\/v2\/pages\/7\/revisions\/2272"}],"wp:attachment":[{"href":"https:\/\/faschingsclub-orlishausen.de\/index.php\/wp-json\/wp\/v2\/media?parent=7"}],"curies":[{"name":"wp","href":"https:\/\/api.w.org\/{rel}","templated":true}]}}